{"id":337,"date":"2018-11-06T10:20:37","date_gmt":"2018-11-06T07:20:37","guid":{"rendered":"http:\/\/www.biocalismedikal.com\/iletisim\/"},"modified":"2019-08-05T11:49:07","modified_gmt":"2019-08-05T08:49:07","slug":"contact-us","status":"publish","type":"page","link":"http:\/\/www.biocalismedikal.com\/en\/contact-us\/","title":{"rendered":"Contact us"},"content":{"rendered":"<p>[vc_row][vc_column width=&#8221;1\/2&#8243;]<div class=\"ult-spacer spacer-69e4a75195a3a\" data-id=\"69e4a75195a3a\" data-height=\"40\" data-height-mobile=\"40\" data-height-tab=\"40\" data-height-tab-portrait=\"40\" data-height-mobile-landscape=\"40\" style=\"clear:both;display:block;\"><\/div><div id=\"ultimate-heading-777169e4a75195a83\" class=\"uvc-heading ult-adjust-bottom-margin ultimate-heading-777169e4a75195a83 uvc-6718 \" data-hspacer=\"no_spacer\"  data-halign=\"left\" style=\"text-align:left\"><div class=\"uvc-heading-spacer no_spacer\" style=\"top\"><\/div><div class=\"uvc-sub-heading ult-responsive\"  data-ultimate-target='.uvc-heading.ultimate-heading-777169e4a75195a83 .uvc-sub-heading '  data-responsive-json-new='{\"font-size\":\"desktop:16px;\",\"line-height\":\"\"}'  style=\"font-weight:normal;color:#000000;margin-top:0px;margin-bottom:0px;\"><\/p>\n<p><strong> Tel (Headquarters): <\/strong> +90 212 295 95 75<\/p>\n<p><strong> Tel (Head Office): <\/strong> +90 555 025 95 75<\/p>\n<p><strong> Tel (TR): <\/strong> +90 212 367 92 79<\/p>\n<p><strong> Tel (Marmara \/ Aegean \/ Mediterranean Region): <\/strong><br \/>+90 532 606 87 72<br \/><strong> Tel (Central Eastern Anatolia \/ Black Sea Region): <\/strong> +90 532 606 87 72<\/p>\n<p><strong> Fax: <\/strong> +90 212 366 58 02<\/p>\n<p><strong> Tel (UK): <\/strong> +44 20 8123 2633<\/p>\n<p><strong> Email: <\/strong> <a href=\"mailto:info@biocalis.com\"> info@biocalis.com <\/a> &#8211; all general requests<\/p>\n<p><\/div><\/div>[\/vc_column][vc_column width=&#8221;1\/2&#8243;]<div class=\"ult-spacer spacer-69e4a75195aa8\" data-id=\"69e4a75195aa8\" data-height=\"40\" data-height-mobile=\"40\" data-height-tab=\"40\" data-height-tab-portrait=\"40\" data-height-mobile-landscape=\"40\" style=\"clear:both;display:block;\"><\/div><div id=\"ultimate-heading-749569e4a75195ac1\" class=\"uvc-heading ult-adjust-bottom-margin ultimate-heading-749569e4a75195ac1 uvc-1365 \" data-hspacer=\"no_spacer\"  data-halign=\"left\" style=\"text-align:left\"><div class=\"uvc-heading-spacer no_spacer\" style=\"top\"><\/div><div class=\"uvc-sub-heading ult-responsive\"  data-ultimate-target='.uvc-heading.ultimate-heading-749569e4a75195ac1 .uvc-sub-heading '  data-responsive-json-new='{\"font-size\":\"desktop:16px;\",\"line-height\":\"\"}'  style=\"font-weight:normal;color:#000000;margin-top:0px;margin-bottom:0px;\">Our commercial head office is located in Ka\u011f\u0131thane, \u0130stanbul.<\/p>\n<p><strong> Address: Central District, Eyup Caddesi, No: 3\/30, 34 406, Eyup \/ Istanbul, Turkey\u00a0<\/strong><\/div><\/div>[\/vc_column][\/vc_row][vc_row][vc_column width=&#8221;1\/3&#8243;]<div role=\"form\" class=\"wpcf7\" id=\"wpcf7-f22-o1\" lang=\"tr-TR\" dir=\"ltr\">\n<div class=\"screen-reader-response\"><p role=\"status\" aria-live=\"polite\" aria-atomic=\"true\"><\/p> <ul><\/ul><\/div>\n<form action=\"\/en\/wp-json\/wp\/v2\/pages\/337#wpcf7-f22-o1\" method=\"post\" class=\"wpcf7-form init\" novalidate=\"novalidate\" data-status=\"init\">\n<div style=\"display: none;\">\n<input type=\"hidden\" name=\"_wpcf7\" value=\"22\" \/>\n<input type=\"hidden\" name=\"_wpcf7_version\" value=\"5.3.2\" \/>\n<input type=\"hidden\" name=\"_wpcf7_locale\" value=\"tr_TR\" \/>\n<input type=\"hidden\" name=\"_wpcf7_unit_tag\" value=\"wpcf7-f22-o1\" \/>\n<input type=\"hidden\" name=\"_wpcf7_container_post\" value=\"0\" \/>\n<input type=\"hidden\" name=\"_wpcf7_posted_data_hash\" value=\"\" \/>\n<\/div>\n<p><label> Ad\u0131n\u0131z (gerekli)<br \/>\n    <span class=\"wpcf7-form-control-wrap your-name\"><input type=\"text\" name=\"your-name\" value=\"\" size=\"40\" class=\"wpcf7-form-control wpcf7-text wpcf7-validates-as-required\" aria-required=\"true\" aria-invalid=\"false\" \/><\/span> <\/label><\/p>\n<p><label> E-posta adresiniz (gerekli)<br \/>\n    <span class=\"wpcf7-form-control-wrap your-email\"><input type=\"email\" name=\"your-email\" value=\"\" size=\"40\" class=\"wpcf7-form-control wpcf7-text wpcf7-email wpcf7-validates-as-required wpcf7-validates-as-email\" aria-required=\"true\" aria-invalid=\"false\" \/><\/span> <\/label><\/p>\n<p><label> Tel (gerekli)<br \/>\n    <span class=\"wpcf7-form-control-wrap tel\"><input type=\"text\" name=\"tel\" value=\"\" size=\"40\" class=\"wpcf7-form-control wpcf7-text wpcf7-validates-as-required\" aria-required=\"true\" aria-invalid=\"false\" \/><\/span> <\/label><\/p>\n<p><label> Firma (gerekli)<br \/>\n    <span class=\"wpcf7-form-control-wrap firma\"><input type=\"text\" name=\"firma\" value=\"\" size=\"40\" class=\"wpcf7-form-control wpcf7-text wpcf7-validates-as-required\" aria-required=\"true\" aria-invalid=\"false\" \/><\/span> <\/label><\/p>\n<p><label> \u015eehir (gerekli)<br \/>\n<span class=\"wpcf7-form-control-wrap sehir\"><select name=\"sehir\" class=\"wpcf7-form-control wpcf7-select wpcf7-validates-as-required sehir\" id=\"sehir\" aria-required=\"true\" aria-invalid=\"false\"><option value=\"\u0130stanbul\">\u0130stanbul<\/option><option value=\"Ankara\">Ankara<\/option><option value=\"\u0130zmir\">\u0130zmir<\/option><option value=\"Adana\">Adana<\/option><option value=\"Ad\u0131yaman\">Ad\u0131yaman<\/option><option value=\"Afyonkarahisar\">Afyonkarahisar<\/option><option value=\"A\u011fr\u0131\">A\u011fr\u0131<\/option><option value=\"Aksaray\">Aksaray<\/option><option value=\"Amasya\">Amasya<\/option><option value=\"Antalya\">Antalya<\/option><option value=\"Ardahan\">Ardahan<\/option><option value=\"Artvin\">Artvin<\/option><option value=\"Ayd\u0131n\">Ayd\u0131n<\/option><option value=\"Bal\u0131kesir\">Bal\u0131kesir<\/option><option value=\"Bart\u0131n\">Bart\u0131n<\/option><option value=\"Batman\">Batman<\/option><option value=\"Bayburt\">Bayburt<\/option><option value=\"Bilecik\">Bilecik<\/option><option value=\"Bing\u00f6l\">Bing\u00f6l<\/option><option value=\"Bitlis\">Bitlis<\/option><option value=\"Bolu\">Bolu<\/option><option value=\"Burdur\">Burdur<\/option><option value=\"Bursa\">Bursa<\/option><option value=\"\u00c7anakkale\">\u00c7anakkale<\/option><option value=\"\u00c7ank\u0131r\u0131\">\u00c7ank\u0131r\u0131<\/option><option value=\"\u00c7orum\">\u00c7orum<\/option><option value=\"Denizli\">Denizli<\/option><option value=\"Diyarbak\u0131r\">Diyarbak\u0131r<\/option><option value=\"D\u00fczce\">D\u00fczce<\/option><option value=\"Edirne\">Edirne<\/option><option value=\"Elaz\u0131\u011f\">Elaz\u0131\u011f<\/option><option value=\"Erzincan\">Erzincan<\/option><option value=\"Erzurum\">Erzurum<\/option><option value=\"Eski\u015fehir\">Eski\u015fehir<\/option><option value=\"Gaziantep\">Gaziantep<\/option><option value=\"Giresun\">Giresun<\/option><option value=\"G\u00fcm\u00fc\u015fhane\">G\u00fcm\u00fc\u015fhane<\/option><option value=\"Hakkari\">Hakkari<\/option><option value=\"Hatay\">Hatay<\/option><option value=\"I\u011fd\u0131r\">I\u011fd\u0131r<\/option><option value=\"Isparta\">Isparta<\/option><option value=\"Kahramanmara\u015f\">Kahramanmara\u015f<\/option><option value=\"Karab\u00fck\">Karab\u00fck<\/option><option value=\"Karaman\">Karaman<\/option><option value=\"Kars\">Kars<\/option><option value=\"Kastamonu\">Kastamonu<\/option><option value=\"Kayseri\">Kayseri<\/option><option value=\"K\u0131r\u0131kkale\">K\u0131r\u0131kkale<\/option><option value=\"K\u0131rklareli\">K\u0131rklareli<\/option><option value=\"K\u0131r\u015fehir\">K\u0131r\u015fehir<\/option><option value=\"Kilis\">Kilis<\/option><option value=\"Kocaeli\">Kocaeli<\/option><option value=\"Konya\">Konya<\/option><option value=\"K\u00fctahya\">K\u00fctahya<\/option><option value=\"Malatya\">Malatya<\/option><option value=\"Manisa\">Manisa<\/option><option value=\"Mardin\">Mardin<\/option><option value=\"Mersin\">Mersin<\/option><option value=\"Mu\u011fla\">Mu\u011fla<\/option><option value=\"Mu\u015f\">Mu\u015f<\/option><option value=\"Nev\u015fehir\">Nev\u015fehir<\/option><option value=\"Ni\u011fde\">Ni\u011fde<\/option><option value=\"Ordu\">Ordu<\/option><option value=\"Osmaniye\">Osmaniye<\/option><option value=\"Rize\">Rize<\/option><option value=\"Sakarya\">Sakarya<\/option><option value=\"Samsun\">Samsun<\/option><option value=\"Siirt\">Siirt<\/option><option value=\"Sinop\">Sinop<\/option><option value=\"Sivas\">Sivas<\/option><option value=\"\u015e\u0131rnak\">\u015e\u0131rnak<\/option><option value=\"Tekirda\u011f\">Tekirda\u011f<\/option><option value=\"Tokat\">Tokat<\/option><option value=\"Trabzon\">Trabzon<\/option><option value=\"Tunceli\">Tunceli<\/option><option value=\"\u015eanl\u0131urfa\">\u015eanl\u0131urfa<\/option><option value=\"U\u015fak\">U\u015fak<\/option><option value=\"Van\">Van<\/option><option value=\"Yalova\">Yalova<\/option><option value=\"Yozgat\">Yozgat<\/option><option value=\"Zonguldak\">Zonguldak<\/option><\/select><\/span><\/label><\/p>\n<p><label> Konu<br \/>\n    <span class=\"wpcf7-form-control-wrap your-subject\"><input type=\"text\" name=\"your-subject\" value=\"\" size=\"40\" class=\"wpcf7-form-control wpcf7-text\" aria-invalid=\"false\" \/><\/span> <\/label><\/p>\n<p><label> \u0130letiniz<br \/>\n    <span class=\"wpcf7-form-control-wrap your-message\"><textarea name=\"your-message\" cols=\"40\" rows=\"10\" class=\"wpcf7-form-control wpcf7-textarea\" aria-invalid=\"false\"><\/textarea><\/span> <\/label><\/p>\n<p><label>Bizi nerden buldunuz (gerekli)<br \/>\n<span class=\"wpcf7-form-control-wrap nerdenbuldu\"><select name=\"nerdenbuldu[]\" class=\"wpcf7-form-control wpcf7-select wpcf7-validates-as-required nerdenbuldu\" id=\"nerdenbuldu\" aria-required=\"true\" aria-invalid=\"false\" multiple=\"multiple\"><option value=\"Google arama\">Google arama<\/option><option value=\"Doktor\/Hastane\">Doktor\/Hastane<\/option><option value=\"Fuar\/Seminer\/Konferans\/Toplant\u0131\">Fuar\/Seminer\/Konferans\/Toplant\u0131<\/option><option value=\"Referans\">Referans<\/option><option value=\"Sosyal Medya (Facebook, Twitter, Youtube vb.)\">Sosyal Medya (Facebook, Twitter, Youtube vb.)<\/option><option value=\"Online Reklam\">Online Reklam<\/option><option value=\"Web site linki\">Web site linki<\/option><option value=\"Katalog\/Bro\u015f\u00fcr\">Katalog\/Bro\u015f\u00fcr<\/option><option value=\"Gazete\">Gazete<\/option><option value=\"TV \/ Radyo\">TV \/ Radyo<\/option><option value=\"Eposta\">Eposta<\/option><\/select><\/span><\/label><\/p>\n<p><input type=\"submit\" value=\"Formu \u015eimdi G\u00f6nder\" class=\"wpcf7-form-control wpcf7-submit\" \/><\/p>\n<p style=\"display: none !important;\"><label>&#916;<textarea name=\"_wpcf7_ak_hp_textarea\" cols=\"45\" rows=\"8\" maxlength=\"100\"><\/textarea><\/label><input type=\"hidden\" id=\"ak_js_1\" name=\"_wpcf7_ak_js\" value=\"153\"\/><script>document.getElementById( \"ak_js_1\" ).setAttribute( \"value\", ( new Date() ).getTime() );<\/script><\/p><div class=\"wpcf7-response-output\" aria-hidden=\"true\"><\/div><\/form><\/div><div class=\"ult-spacer spacer-69e4a75196b5f\" data-id=\"69e4a75196b5f\" data-height=\"40\" data-height-mobile=\"40\" data-height-tab=\"40\" data-height-tab-portrait=\"40\" data-height-mobile-landscape=\"40\" style=\"clear:both;display:block;\"><\/div>[\/vc_column][vc_column width=&#8221;1\/6&#8243; offset=&#8221;vc_hidden-sm vc_hidden-xs&#8221;][\/vc_column][vc_column width=&#8221;1\/6&#8243;][vc_single_image img_size=&#8221;full&#8221; image=&#8221;0&#8243;][\/vc_column][vc_column width=&#8221;1\/3&#8243;][vc_gmaps link=&#8221;#E-8_JTNDaWZyYW1lJTIwc3JjJTNEJTIyaHR0cHMlM0ElMkYlMkZ3d3cuZ29vZ2xlLmNvbSUyRm1hcHMlMkZlbWJlZCUzRnBiJTNEJTIxMW0xOCUyMTFtMTIlMjExbTMlMjExZDMwMDcuNjQ4NDU4MzcwNjcwNiUyMTJkMjguOTY4NTkxMDE1NTcwNSUyMTNkNDEuMDc2Njc2MzIzMTYxNTklMjEybTMlMjExZjAlMjEyZjAlMjEzZjAlMjEzbTIlMjExaTEwMjQlMjEyaTc2OCUyMTRmMTMuMSUyMTNtMyUyMTFtMiUyMTFzMHgxNGNhYjZkYzc2YjdjYzBiJTI1M0EweGQ2YjRjNmY0MGVhNjM5ODAlMjEyelI4Tzhjbk5sYkNCTllXaGhiR3hsYzJrc0lFdGh4Sl9Fc1hSb1lXNWxJRU5rTGlCT2J6b3pJRVE2TXpBc0lETTBOREF3SUV0aHhKX0VzWFJvWVc1bEw4U3djM1JoYm1KMWJBJTIxNWUwJTIxM20yJTIxMXN0ciUyMTJzdHIlMjE0djE1NDQxODc2MDE5NzglMjIlMjB3aWR0aCUzRCUyMjYwMCUyMiUyMGhlaWdodCUzRCUyMjQ1MCUyMiUyMGZyYW1lYm9yZGVyJTNEJTIyMCUyMiUyMHN0eWxlJTNEJTIyYm9yZGVyJTNBMCUyMiUyMGFsbG93ZnVsbHNjcmVlbiUzRSUzQyUyRmlmcmFtZSUzRQ==&#8221;][\/vc_column][\/vc_row][vc_row][vc_column][vc_column_text][\/vc_column_text][\/vc_column][\/vc_row]<\/p>\n","protected":false},"excerpt":{"rendered":"<p>[vc_row][vc_column width=&#8221;1\/2&#8243;][\/vc_column][vc_column width=&#8221;1\/2&#8243;][\/vc_column][\/vc_row][vc_row][vc_column width=&#8221;1\/3&#8243;][\/vc_column][vc_column width=&#8221;1\/6&#8243; offset=&#8221;vc_hidden-sm vc_hidden-xs&#8221;][\/vc_column][vc_column width=&#8221;1\/6&#8243;][vc_single_image img_size=&#8221;full&#8221; image=&#8221;0&#8243;][\/vc_column][vc_column width=&#8221;1\/3&#8243;][vc_gmaps link=&#8221;#E-8_JTNDaWZyYW1lJTIwc3JjJTNEJTIyaHR0cHMlM0ElMkYlMkZ3d3cuZ29vZ2xlLmNvbSUyRm1hcHMlMkZlbWJlZCUzRnBiJTNEJTIxMW0xOCUyMTFtMTIlMjExbTMlMjExZDMwMDcuNjQ4NDU4MzcwNjcwNiUyMTJkMjguOTY4NTkxMDE1NTcwNSUyMTNkNDEuMDc2Njc2MzIzMTYxNTklMjEybTMlMjExZjAlMjEyZjAlMjEzZjAlMjEzbTIlMjExaTEwMjQlMjEyaTc2OCUyMTRmMTMuMSUyMTNtMyUyMTFtMiUyMTFzMHgxNGNhYjZkYzc2YjdjYzBiJTI1M0EweGQ2YjRjNmY0MGVhNjM5ODAlMjEyelI4Tzhjbk5sYkNCTllXaGhiR3hsYzJrc0lFdGh4Sl9Fc1hSb1lXNWxJRU5rTGlCT2J6b3pJRVE2TXpBc0lETTBOREF3SUV0aHhKX0VzWFJvWVc1bEw4U3djM1JoYm1KMWJBJTIxNWUwJTIxM20yJTIxMXN0ciUyMTJzdHIlMjE0djE1NDQxODc2MDE5NzglMjIlMjB3aWR0aCUzRCUyMjYwMCUyMiUyMGhlaWdodCUzRCUyMjQ1MCUyMiUyMGZyYW1lYm9yZGVyJTNEJTIyMCUyMiUyMHN0eWxlJTNEJTIyYm9yZGVyJTNBMCUyMiUyMGFsbG93ZnVsbHNjcmVlbiUzRSUzQyUyRmlmcmFtZSUzRQ==&#8221;][\/vc_column][\/vc_row][vc_row][vc_column][vc_column_text][\/vc_column_text][\/vc_column][\/vc_row]<\/p>\n","protected":false},"author":1,"featured_media":0,"parent":0,"menu_order":0,"comment_status":"closed","ping_status":"closed","template":"","meta":[],"yoast_head":"<!-- This site is optimized with the Yoast SEO plugin v18.0 - https:\/\/yoast.com\/wordpress\/plugins\/seo\/ -->\n<title>Contact us - Biocalis Medical Turkey Official Web Site<\/title>\n<meta name=\"description\" content=\"Biocalis Medical Turkey contacts with official Website, address, phone, and map our page where the information. For detailed information please visit page.\" \/>\n<meta name=\"robots\" content=\"index, follow, max-snippet:-1, max-image-preview:large, max-video-preview:-1\" \/>\n<link rel=\"canonical\" href=\"http:\/\/www.biocalismedikal.com\/en\/contact-us\/\" \/>\n<meta property=\"og:locale\" content=\"en_US\" \/>\n<meta property=\"og:type\" content=\"article\" \/>\n<meta property=\"og:title\" content=\"Contact us - Biocalis Medical Turkey Official Web Site\" \/>\n<meta property=\"og:description\" content=\"Biocalis Medical Turkey contacts with official Website, address, phone, and map our page where the information. For detailed information please visit page.\" \/>\n<meta property=\"og:url\" content=\"http:\/\/www.biocalismedikal.com\/en\/contact-us\/\" \/>\n<meta property=\"og:site_name\" content=\"Biocalis Medikal\" \/>\n<meta property=\"article:modified_time\" content=\"2019-08-05T08:49:07+00:00\" \/>\n<meta name=\"twitter:card\" content=\"summary_large_image\" \/>\n<meta name=\"twitter:label1\" content=\"Est. reading time\" \/>\n\t<meta name=\"twitter:data1\" content=\"2 minutes\" \/>\n<script type=\"application\/ld+json\" class=\"yoast-schema-graph\">{\"@context\":\"https:\/\/schema.org\",\"@graph\":[{\"@type\":\"WebSite\",\"@id\":\"http:\/\/www.biocalismedikal.com\/#website\",\"url\":\"http:\/\/www.biocalismedikal.com\/\",\"name\":\"Biocalis Medikal\",\"description\":\"Resmi Web Sitesi\",\"potentialAction\":[{\"@type\":\"SearchAction\",\"target\":{\"@type\":\"EntryPoint\",\"urlTemplate\":\"http:\/\/www.biocalismedikal.com\/?s={search_term_string}\"},\"query-input\":\"required name=search_term_string\"}],\"inLanguage\":\"en-US\"},{\"@type\":\"WebPage\",\"@id\":\"http:\/\/www.biocalismedikal.com\/en\/contact-us\/#webpage\",\"url\":\"http:\/\/www.biocalismedikal.com\/en\/contact-us\/\",\"name\":\"Contact us - Biocalis Medical Turkey Official Web Site\",\"isPartOf\":{\"@id\":\"http:\/\/www.biocalismedikal.com\/#website\"},\"datePublished\":\"2018-11-06T07:20:37+00:00\",\"dateModified\":\"2019-08-05T08:49:07+00:00\",\"description\":\"Biocalis Medical Turkey contacts with official Website, address, phone, and map our page where the information. For detailed information please visit page.\",\"breadcrumb\":{\"@id\":\"http:\/\/www.biocalismedikal.com\/en\/contact-us\/#breadcrumb\"},\"inLanguage\":\"en-US\",\"potentialAction\":[{\"@type\":\"ReadAction\",\"target\":[\"http:\/\/www.biocalismedikal.com\/en\/contact-us\/\"]}]},{\"@type\":\"BreadcrumbList\",\"@id\":\"http:\/\/www.biocalismedikal.com\/en\/contact-us\/#breadcrumb\",\"itemListElement\":[{\"@type\":\"ListItem\",\"position\":1,\"name\":\"Ana sayfa\",\"item\":\"http:\/\/www.biocalismedikal.com\/en\/\"},{\"@type\":\"ListItem\",\"position\":2,\"name\":\"Contact us\"}]}]}<\/script>\n<!-- \/ Yoast SEO plugin. -->","yoast_head_json":{"title":"Contact us - Biocalis Medical Turkey Official Web Site","description":"Biocalis Medical Turkey contacts with official Website, address, phone, and map our page where the information. For detailed information please visit page.","robots":{"index":"index","follow":"follow","max-snippet":"max-snippet:-1","max-image-preview":"max-image-preview:large","max-video-preview":"max-video-preview:-1"},"canonical":"http:\/\/www.biocalismedikal.com\/en\/contact-us\/","og_locale":"en_US","og_type":"article","og_title":"Contact us - Biocalis Medical Turkey Official Web Site","og_description":"Biocalis Medical Turkey contacts with official Website, address, phone, and map our page where the information. For detailed information please visit page.","og_url":"http:\/\/www.biocalismedikal.com\/en\/contact-us\/","og_site_name":"Biocalis Medikal","article_modified_time":"2019-08-05T08:49:07+00:00","twitter_card":"summary_large_image","twitter_misc":{"Est. reading time":"2 minutes"},"schema":{"@context":"https:\/\/schema.org","@graph":[{"@type":"WebSite","@id":"http:\/\/www.biocalismedikal.com\/#website","url":"http:\/\/www.biocalismedikal.com\/","name":"Biocalis Medikal","description":"Resmi Web Sitesi","potentialAction":[{"@type":"SearchAction","target":{"@type":"EntryPoint","urlTemplate":"http:\/\/www.biocalismedikal.com\/?s={search_term_string}"},"query-input":"required name=search_term_string"}],"inLanguage":"en-US"},{"@type":"WebPage","@id":"http:\/\/www.biocalismedikal.com\/en\/contact-us\/#webpage","url":"http:\/\/www.biocalismedikal.com\/en\/contact-us\/","name":"Contact us - Biocalis Medical Turkey Official Web Site","isPartOf":{"@id":"http:\/\/www.biocalismedikal.com\/#website"},"datePublished":"2018-11-06T07:20:37+00:00","dateModified":"2019-08-05T08:49:07+00:00","description":"Biocalis Medical Turkey contacts with official Website, address, phone, and map our page where the information. For detailed information please visit page.","breadcrumb":{"@id":"http:\/\/www.biocalismedikal.com\/en\/contact-us\/#breadcrumb"},"inLanguage":"en-US","potentialAction":[{"@type":"ReadAction","target":["http:\/\/www.biocalismedikal.com\/en\/contact-us\/"]}]},{"@type":"BreadcrumbList","@id":"http:\/\/www.biocalismedikal.com\/en\/contact-us\/#breadcrumb","itemListElement":[{"@type":"ListItem","position":1,"name":"Ana sayfa","item":"http:\/\/www.biocalismedikal.com\/en\/"},{"@type":"ListItem","position":2,"name":"Contact us"}]}]}},"_links":{"self":[{"href":"http:\/\/www.biocalismedikal.com\/en\/wp-json\/wp\/v2\/pages\/337"}],"collection":[{"href":"http:\/\/www.biocalismedikal.com\/en\/wp-json\/wp\/v2\/pages"}],"about":[{"href":"http:\/\/www.biocalismedikal.com\/en\/wp-json\/wp\/v2\/types\/page"}],"author":[{"embeddable":true,"href":"http:\/\/www.biocalismedikal.com\/en\/wp-json\/wp\/v2\/users\/1"}],"replies":[{"embeddable":true,"href":"http:\/\/www.biocalismedikal.com\/en\/wp-json\/wp\/v2\/comments?post=337"}],"version-history":[{"count":7,"href":"http:\/\/www.biocalismedikal.com\/en\/wp-json\/wp\/v2\/pages\/337\/revisions"}],"predecessor-version":[{"id":460,"href":"http:\/\/www.biocalismedikal.com\/en\/wp-json\/wp\/v2\/pages\/337\/revisions\/460"}],"wp:attachment":[{"href":"http:\/\/www.biocalismedikal.com\/en\/wp-json\/wp\/v2\/media?parent=337"}],"curies":[{"name":"wp","href":"https:\/\/api.w.org\/{rel}","templated":true}]}}