{"id":320,"date":"2018-11-06T15:02:26","date_gmt":"2018-11-06T12:02:26","guid":{"rendered":"http:\/\/www.biocalismedikal.com\/uroloji\/"},"modified":"2022-02-03T10:04:50","modified_gmt":"2022-02-03T07:04:50","slug":"urology","status":"publish","type":"page","link":"http:\/\/www.biocalismedikal.com\/en\/urology\/","title":{"rendered":"Urology"},"content":{"rendered":"<p>[vc_row][vc_column][vc_single_image img_size=&#8221;full&#8221; alignment=&#8221;center&#8221; image=&#8221;id^28|url^http:\/\/www.biocalismedikal.com\/wp-content\/uploads\/2018\/11\/hakkimizda.jpg|caption^null|alt^null|title^hakkimizda|description^null&#8221;][\/vc_column][\/vc_row][vc_row][vc_column]<div id=\"ultimate-heading-381069e4a73956878\" class=\"uvc-heading ult-adjust-bottom-margin ultimate-heading-381069e4a73956878 uvc-9803 \" data-hspacer=\"line_only\"  data-halign=\"left\" style=\"text-align:left\"><div class=\"uvc-heading-spacer line_only\" style=\"topheight:2px;\"><span class=\"uvc-headings-line\" style=\"border-style:solid;border-bottom-width:2px;border-color:#c00000;width:autopx;\"><\/span><\/div><div class=\"uvc-sub-heading ult-responsive\"  data-ultimate-target='.uvc-heading.ultimate-heading-381069e4a73956878 .uvc-sub-heading '  data-responsive-json-new='{\"font-size\":\"desktop:16px;\",\"line-height\":\"\"}'  style=\"font-weight:normal;color:#000000;\"><\/p>\n<div class=\"uvc-heading-spacer line_only\" style=\"margin-top: -20px; margin-bottom: 20px;\"><\/div>\n<p><strong>Biocalis Medical<\/strong> is distributing the newest generation of testicular implants.<\/div><\/div><div class=\"ult-spacer spacer-69e4a739568c2\" data-id=\"69e4a739568c2\" data-height=\"40\" data-height-mobile=\"40\" data-height-tab=\"40\" data-height-tab-portrait=\"40\" data-height-mobile-landscape=\"\" style=\"clear:both;display:block;\"><\/div>[\/vc_column][\/vc_row][vc_row][vc_column width=&#8221;1\/4&#8243;][vc_single_image img_size=&#8221;500&#215;500&#8243; onclick=&#8221;link_image&#8221; image=&#8221;id^117|url^http:\/\/www.biocalismedikal.com\/wp-content\/uploads\/2018\/11\/sebbin-testicular-prosthesis.png|caption^Sebbin Testis Protezi|alt^Sebbin Testis Protezi|title^Sebbin Testis Protezi|description^Sebbin Testis Protezi&#8221;][\/vc_column][vc_column width=&#8221;3\/4&#8243;]<div id=\"ultimate-heading-494769e4a73956902\" class=\"uvc-heading ult-adjust-bottom-margin ultimate-heading-494769e4a73956902 uvc-6698 \" data-hspacer=\"line_only\"  data-halign=\"left\" style=\"text-align:left\"><div class=\"uvc-main-heading ult-responsive\"  data-ultimate-target='.uvc-heading.ultimate-heading-494769e4a73956902 h3'  data-responsive-json-new='{\"font-size\":\"desktop:23px;\",\"line-height\":\"desktop:50px;\"}' ><h3 style=\"font-weight:bold;color:#1f3864;margin-top:0px;margin-bottom:0px;\">Sebbin Testicular Prosthesis:<\/h3><\/div><div class=\"uvc-heading-spacer line_only\" style=\"margin-top:0px;margin-bottom:0px;height:2px;\"><span class=\"uvc-headings-line\" style=\"border-style:solid;border-bottom-width:2px;border-color:#c00000;width:autopx;\"><\/span><\/div><div class=\"uvc-sub-heading ult-responsive\"  data-ultimate-target='.uvc-heading.ultimate-heading-494769e4a73956902 .uvc-sub-heading '  data-responsive-json-new='{\"font-size\":\"desktop:16px;\",\"line-height\":\"\"}'  style=\"font-weight:normal;color:#000000;margin-top:0px;margin-bottom:0px;\">Sebbin testicular prostheses are produced by Sebbin company in Paris. Prosthesis of the prostate are 5 different size, gel filled soft consistency dentures.<\/div><\/div>[vc_tta_accordion active_section=&#8221;&#8221; no_fill=&#8221;true&#8221; collapsible_all=&#8221;true&#8221; css=&#8221;.vc_custom_1541508956173{margin: 0px !important;padding: 0px !important;}&#8221;][vc_tta_section title=&#8221;\u00dcr\u00fcn Boylar\u0131 ve Bro\u015f\u00fcrleri&#8221; tab_id=&#8221;testis-protezleri-sebbin&#8221;]<div id=\"ultimate-heading-843169e4a73956943\" class=\"uvc-heading ult-adjust-bottom-margin ultimate-heading-843169e4a73956943 uvc-6237 \" data-hspacer=\"no_spacer\"  data-halign=\"left\" style=\"text-align:left\"><div class=\"uvc-heading-spacer no_spacer\" style=\"top\"><\/div><div class=\"uvc-sub-heading ult-responsive\"  data-ultimate-target='.uvc-heading.ultimate-heading-843169e4a73956943 .uvc-sub-heading '  data-responsive-json-new='{\"font-size\":\"desktop:15px;\",\"line-height\":\"desktop:27px;\"}'  style=\"font-family:&#039;Montserrat&#039;;font-weight:normal;color:#555658;margin-top:0px;margin-bottom:20px;\"><\/p>\n<p><strong>Sebbin<\/strong><span style=\"font-family: Arial !important; font-size: 12px !important; color: black !important; position: absolute; margin-top: -1px;\">\u2122<\/span><br \/>\n<strong>Sebbin Testis Protezleri<\/strong><\/p>\n<p><\/div><\/div>[vc_single_image img_size=&#8221;full&#8221; image=&#8221;id^119|url^http:\/\/www.biocalismedikal.com\/wp-content\/uploads\/2018\/11\/sebbin-testis-protezleri.jpg|caption^null|alt^null|title^sebbin-testis-protezleri|description^null&#8221;][vc_table allow_html=&#8221;1&#8243;][align-center;12px;bg#107fc9;c#ffffff;border_right;border_left;border_top]Product%20code,[align-center;12px;bg#107fc9;c#ffffff;border_right;border_top]Size,[bg#107fc9;c#ffffff;border_right;border_top;border_right;border_top;align-center;12px]Diameter,[bg#1e73be;c#ffffff;align-center;border_bottom;border_right;12px]Volume|[12px;border_left;border_bottom;border_right;align-center]LS%2001%20025,[12px;border_bottom;align-center]2.5%20cm,[align-center;border_bottom;border_right;border_left;12px]2.1%20cm,[align-center;border_bottom;border_right;12px]6%20cc|[12px;border_left;border_bottom;border_right;align-center]LS%2001%20034,[12px;border_bottom;align-center]3.4%20cm,[align-center;border_bottom;border_right;border_left;12px]2.7%20cm,[align-center;border_bottom;border_right;12px]12%20cc|[12px;border_left;border_bottom;border_right;align-center]LS%2001%20040,[12px;border_bottom;align-center]4.0%20cm,[align-center;border_bottom;border_right;border_left;12px]3.0%20cm,[align-center;border_bottom;border_right;12px]17%20cc|[12px;border_left;border_bottom;border_right;align-center]LS%2001%20050,[12px;border_bottom;align-center]5.0%20cm,[align-center;border_bottom;border_right;border_left;12px]3.3%20cm,[align-center;border_bottom;border_right;12px]27%20cc|[border_left;border_bottom;border_right;align-center;12px]LS%2001%20053,[border_bottom;align-center;12px]5.3%20cm,[align-center;border_bottom;border_right;border_left;12px]3.8%20cm,[align-center;border_bottom;border_right;12px]38%20cc[\/vc_table][vc_row_inner][vc_column_inner width=&#8221;1\/3&#8243;]<div class=\" ubtn-ctn-left \"><a class=\"ubtn-link ult-adjust-bottom-margin ubtn-left ubtn-normal \" href=\"http:\/\/www.biocalismedikal.com\/wp-content\/uploads\/2018\/11\/TESTICULAR-IMPLANTS-GS043-A-V03-201504-LIGHT.pdf\" target=\"_blank\" rel=\"nofollow  noopener\" ><button type=\"button\" id=\"ubtn-5246\"  class=\"ubtn ult-adjust-bottom-margin ult-responsive ubtn-normal ubtn-no-hover-bg  none  ubtn-sep-icon ubtn-sep-icon-at-left  ubtn-left   tooltip-69e4a73956986\"  data-hover=\"\" data-border-color=\"\" data-bg=\"#1e73be\" data-hover-bg=\"\" data-border-hover=\"\" data-shadow-hover=\"\" data-shadow-click=\"none\" data-shadow=\"\" data-shd-shadow=\"\"  data-ultimate-target='#ubtn-5246'  data-responsive-json-new='{\"font-size\":\"\",\"line-height\":\"\"}'  style=\"font-weight:normal;border:none;background: #1e73be;color: #ffffff;\"><span class=\"ubtn-data ubtn-icon\"><i class=\"Defaults-file-pdf-o\" style=\"font-size:32px;color:#ffffff;\"><\/i><\/span><span class=\"ubtn-hover\" style=\"background-color:\"><\/span><span class=\"ubtn-data ubtn-text \" >Sebbin Testis Prosthesis Brochure - Download<\/span><\/button><\/a><\/div>[\/vc_column_inner][vc_column_inner width=&#8221;1\/3&#8243;]<div class=\" ubtn-ctn-left \"><a class=\"ubtn-link ult-adjust-bottom-margin ubtn-left ubtn-normal \" href=\"http:\/\/www.biocalismedikal.com\/wp-content\/uploads\/2018\/11\/SEBBIN-T\u00dcRK\u00c7E-KATALOG-09.08.2018-pdf.pdf\" target=\"_blank\" rel=\"nofollow  noopener\" ><button type=\"button\" id=\"ubtn-4546\"  class=\"ubtn ult-adjust-bottom-margin ult-responsive ubtn-normal ubtn-no-hover-bg  none  ubtn-sep-icon ubtn-sep-icon-at-left  ubtn-left   tooltip-69e4a73956a19\"  data-hover=\"\" data-border-color=\"\" data-bg=\"#1e73be\" data-hover-bg=\"\" data-border-hover=\"\" data-shadow-hover=\"\" data-shadow-click=\"none\" data-shadow=\"\" data-shd-shadow=\"\"  data-ultimate-target='#ubtn-4546'  data-responsive-json-new='{\"font-size\":\"\",\"line-height\":\"\"}'  style=\"font-weight:normal;border:none;background: #1e73be;color: #ffffff;\"><span class=\"ubtn-data ubtn-icon\"><i class=\"Defaults-file-pdf-o\" style=\"font-size:32px;color:#ffffff;\"><\/i><\/span><span class=\"ubtn-hover\" style=\"background-color:\"><\/span><span class=\"ubtn-data ubtn-text \" >Sebbin Testis Prosthesis Turkish Catalog - Download<\/span><\/button><\/a><\/div>[\/vc_column_inner][vc_column_inner width=&#8221;1\/3&#8243;][\/vc_column_inner][\/vc_row_inner][\/vc_tta_section][\/vc_tta_accordion][\/vc_column][\/vc_row][vc_row][vc_column]<div class=\"ult-spacer spacer-69e4a73956a62\" data-id=\"69e4a73956a62\" data-height=\"60\" data-height-mobile=\"60\" data-height-tab=\"60\" data-height-tab-portrait=\"60\" data-height-mobile-landscape=\"\" style=\"clear:both;display:block;\"><\/div>[\/vc_column][\/vc_row]<\/p>\n","protected":false},"excerpt":{"rendered":"<p>[vc_row][vc_column][vc_single_image img_size=&#8221;full&#8221; alignment=&#8221;center&#8221; image=&#8221;id^28|url^http:\/\/www.biocalismedikal.com\/wp-content\/uploads\/2018\/11\/hakkimizda.jpg|caption^null|alt^null|title^hakkimizda|description^null&#8221;][\/vc_column][\/vc_row][vc_row][vc_column][\/vc_column][\/vc_row][vc_row][vc_column width=&#8221;1\/4&#8243;][vc_single_image img_size=&#8221;500&#215;500&#8243; onclick=&#8221;link_image&#8221; image=&#8221;id^117|url^http:\/\/www.biocalismedikal.com\/wp-content\/uploads\/2018\/11\/sebbin-testicular-prosthesis.png|caption^Sebbin Testis Protezi|alt^Sebbin Testis Protezi|title^Sebbin Testis Protezi|description^Sebbin Testis Protezi&#8221;][\/vc_column][vc_column width=&#8221;3\/4&#8243;][vc_tta_accordion active_section=&#8221;&#8221; no_fill=&#8221;true&#8221; collapsible_all=&#8221;true&#8221; css=&#8221;.vc_custom_1541508956173{margin: 0px !important;padding: 0px !important;}&#8221;][vc_tta_section title=&#8221;\u00dcr\u00fcn Boylar\u0131 ve Bro\u015f\u00fcrleri&#8221; tab_id=&#8221;testis-protezleri-sebbin&#8221;][vc_single_image img_size=&#8221;full&#8221; image=&#8221;id^119|url^http:\/\/www.biocalismedikal.com\/wp-content\/uploads\/2018\/11\/sebbin-testis-protezleri.jpg|caption^null|alt^null|title^sebbin-testis-protezleri|description^null&#8221;][vc_table allow_html=&#8221;1&#8243;][align-center;12px;bg#107fc9;c#ffffff;border_right;border_left;border_top]Product%20code,[align-center;12px;bg#107fc9;c#ffffff;border_right;border_top]Size,[bg#107fc9;c#ffffff;border_right;border_top;border_right;border_top;align-center;12px]Diameter,[bg#1e73be;c#ffffff;align-center;border_bottom;border_right;12px]Volume|[12px;border_left;border_bottom;border_right;align-center]LS%2001%20025,[12px;border_bottom;align-center]2.5%20cm,[align-center;border_bottom;border_right;border_left;12px]2.1%20cm,[align-center;border_bottom;border_right;12px]6%20cc|[12px;border_left;border_bottom;border_right;align-center]LS%2001%20034,[12px;border_bottom;align-center]3.4%20cm,[align-center;border_bottom;border_right;border_left;12px]2.7%20cm,[align-center;border_bottom;border_right;12px]12%20cc|[12px;border_left;border_bottom;border_right;align-center]LS%2001%20040,[12px;border_bottom;align-center]4.0%20cm,[align-center;border_bottom;border_right;border_left;12px]3.0%20cm,[align-center;border_bottom;border_right;12px]17%20cc|[12px;border_left;border_bottom;border_right;align-center]LS%2001%20050,[12px;border_bottom;align-center]5.0%20cm,[align-center;border_bottom;border_right;border_left;12px]3.3%20cm,[align-center;border_bottom;border_right;12px]27%20cc|[border_left;border_bottom;border_right;align-center;12px]LS%2001%20053,[border_bottom;align-center;12px]5.3%20cm,[align-center;border_bottom;border_right;border_left;12px]3.8%20cm,[align-center;border_bottom;border_right;12px]38%20cc[\/vc_table][vc_row_inner][vc_column_inner width=&#8221;1\/3&#8243;][\/vc_column_inner][vc_column_inner width=&#8221;1\/3&#8243;][\/vc_column_inner][vc_column_inner width=&#8221;1\/3&#8243;][\/vc_column_inner][\/vc_row_inner][\/vc_tta_section][\/vc_tta_accordion][\/vc_column][\/vc_row][vc_row][vc_column][\/vc_column][\/vc_row]<\/p>\n","protected":false},"author":1,"featured_media":0,"parent":0,"menu_order":0,"comment_status":"closed","ping_status":"closed","template":"","meta":[],"yoast_head":"<!-- This site is optimized with the Yoast SEO plugin v18.0 - https:\/\/yoast.com\/wordpress\/plugins\/seo\/ -->\n<title>Urology - Biocalis Medical Turkey Official Web Site<\/title>\n<meta name=\"description\" content=\"Detailed information about Biocalis Medical Urology products in Turkey on this page is located together with the details of our visitors.\" \/>\n<meta name=\"robots\" content=\"index, follow, max-snippet:-1, max-image-preview:large, max-video-preview:-1\" \/>\n<link rel=\"canonical\" href=\"http:\/\/www.biocalismedikal.com\/en\/urology\/\" \/>\n<meta property=\"og:locale\" content=\"en_US\" \/>\n<meta property=\"og:type\" content=\"article\" \/>\n<meta property=\"og:title\" content=\"Urology - Biocalis Medical Turkey Official Web Site\" \/>\n<meta property=\"og:description\" content=\"Detailed information about Biocalis Medical Urology products in Turkey on this page is located together with the details of our visitors.\" \/>\n<meta property=\"og:url\" content=\"http:\/\/www.biocalismedikal.com\/en\/urology\/\" \/>\n<meta property=\"og:site_name\" content=\"Biocalis Medikal\" \/>\n<meta property=\"article:modified_time\" content=\"2022-02-03T07:04:50+00:00\" \/>\n<meta name=\"twitter:card\" content=\"summary_large_image\" \/>\n<meta name=\"twitter:label1\" content=\"Est. reading time\" \/>\n\t<meta name=\"twitter:data1\" content=\"1 minute\" \/>\n<script type=\"application\/ld+json\" class=\"yoast-schema-graph\">{\"@context\":\"https:\/\/schema.org\",\"@graph\":[{\"@type\":\"WebSite\",\"@id\":\"http:\/\/www.biocalismedikal.com\/#website\",\"url\":\"http:\/\/www.biocalismedikal.com\/\",\"name\":\"Biocalis Medikal\",\"description\":\"Resmi Web Sitesi\",\"potentialAction\":[{\"@type\":\"SearchAction\",\"target\":{\"@type\":\"EntryPoint\",\"urlTemplate\":\"http:\/\/www.biocalismedikal.com\/?s={search_term_string}\"},\"query-input\":\"required name=search_term_string\"}],\"inLanguage\":\"en-US\"},{\"@type\":\"WebPage\",\"@id\":\"http:\/\/www.biocalismedikal.com\/en\/urology\/#webpage\",\"url\":\"http:\/\/www.biocalismedikal.com\/en\/urology\/\",\"name\":\"Urology - Biocalis Medical Turkey Official Web Site\",\"isPartOf\":{\"@id\":\"http:\/\/www.biocalismedikal.com\/#website\"},\"datePublished\":\"2018-11-06T12:02:26+00:00\",\"dateModified\":\"2022-02-03T07:04:50+00:00\",\"description\":\"Detailed information about Biocalis Medical Urology products in Turkey on this page is located together with the details of our visitors.\",\"breadcrumb\":{\"@id\":\"http:\/\/www.biocalismedikal.com\/en\/urology\/#breadcrumb\"},\"inLanguage\":\"en-US\",\"potentialAction\":[{\"@type\":\"ReadAction\",\"target\":[\"http:\/\/www.biocalismedikal.com\/en\/urology\/\"]}]},{\"@type\":\"BreadcrumbList\",\"@id\":\"http:\/\/www.biocalismedikal.com\/en\/urology\/#breadcrumb\",\"itemListElement\":[{\"@type\":\"ListItem\",\"position\":1,\"name\":\"Ana sayfa\",\"item\":\"http:\/\/www.biocalismedikal.com\/en\/\"},{\"@type\":\"ListItem\",\"position\":2,\"name\":\"Urology\"}]}]}<\/script>\n<!-- \/ Yoast SEO plugin. -->","yoast_head_json":{"title":"Urology - Biocalis Medical Turkey Official Web Site","description":"Detailed information about Biocalis Medical Urology products in Turkey on this page is located together with the details of our visitors.","robots":{"index":"index","follow":"follow","max-snippet":"max-snippet:-1","max-image-preview":"max-image-preview:large","max-video-preview":"max-video-preview:-1"},"canonical":"http:\/\/www.biocalismedikal.com\/en\/urology\/","og_locale":"en_US","og_type":"article","og_title":"Urology - Biocalis Medical Turkey Official Web Site","og_description":"Detailed information about Biocalis Medical Urology products in Turkey on this page is located together with the details of our visitors.","og_url":"http:\/\/www.biocalismedikal.com\/en\/urology\/","og_site_name":"Biocalis Medikal","article_modified_time":"2022-02-03T07:04:50+00:00","twitter_card":"summary_large_image","twitter_misc":{"Est. reading time":"1 minute"},"schema":{"@context":"https:\/\/schema.org","@graph":[{"@type":"WebSite","@id":"http:\/\/www.biocalismedikal.com\/#website","url":"http:\/\/www.biocalismedikal.com\/","name":"Biocalis Medikal","description":"Resmi Web Sitesi","potentialAction":[{"@type":"SearchAction","target":{"@type":"EntryPoint","urlTemplate":"http:\/\/www.biocalismedikal.com\/?s={search_term_string}"},"query-input":"required name=search_term_string"}],"inLanguage":"en-US"},{"@type":"WebPage","@id":"http:\/\/www.biocalismedikal.com\/en\/urology\/#webpage","url":"http:\/\/www.biocalismedikal.com\/en\/urology\/","name":"Urology - Biocalis Medical Turkey Official Web Site","isPartOf":{"@id":"http:\/\/www.biocalismedikal.com\/#website"},"datePublished":"2018-11-06T12:02:26+00:00","dateModified":"2022-02-03T07:04:50+00:00","description":"Detailed information about Biocalis Medical Urology products in Turkey on this page is located together with the details of our visitors.","breadcrumb":{"@id":"http:\/\/www.biocalismedikal.com\/en\/urology\/#breadcrumb"},"inLanguage":"en-US","potentialAction":[{"@type":"ReadAction","target":["http:\/\/www.biocalismedikal.com\/en\/urology\/"]}]},{"@type":"BreadcrumbList","@id":"http:\/\/www.biocalismedikal.com\/en\/urology\/#breadcrumb","itemListElement":[{"@type":"ListItem","position":1,"name":"Ana sayfa","item":"http:\/\/www.biocalismedikal.com\/en\/"},{"@type":"ListItem","position":2,"name":"Urology"}]}]}},"_links":{"self":[{"href":"http:\/\/www.biocalismedikal.com\/en\/wp-json\/wp\/v2\/pages\/320"}],"collection":[{"href":"http:\/\/www.biocalismedikal.com\/en\/wp-json\/wp\/v2\/pages"}],"about":[{"href":"http:\/\/www.biocalismedikal.com\/en\/wp-json\/wp\/v2\/types\/page"}],"author":[{"embeddable":true,"href":"http:\/\/www.biocalismedikal.com\/en\/wp-json\/wp\/v2\/users\/1"}],"replies":[{"embeddable":true,"href":"http:\/\/www.biocalismedikal.com\/en\/wp-json\/wp\/v2\/comments?post=320"}],"version-history":[{"count":6,"href":"http:\/\/www.biocalismedikal.com\/en\/wp-json\/wp\/v2\/pages\/320\/revisions"}],"predecessor-version":[{"id":487,"href":"http:\/\/www.biocalismedikal.com\/en\/wp-json\/wp\/v2\/pages\/320\/revisions\/487"}],"wp:attachment":[{"href":"http:\/\/www.biocalismedikal.com\/en\/wp-json\/wp\/v2\/media?parent=320"}],"curies":[{"name":"wp","href":"https:\/\/api.w.org\/{rel}","templated":true}]}}